{"id":22,"date":"2021-11-05T15:09:40","date_gmt":"2021-11-05T15:09:40","guid":{"rendered":"https:\/\/www.autoglas-sbl.de\/?page_id=22"},"modified":"2024-04-02T17:54:14","modified_gmt":"2024-04-02T17:54:14","slug":"herzlichen-blablabla","status":"publish","type":"page","link":"https:\/\/www.autoglas-sbl.de\/","title":{"rendered":"Herzlich willkommen bei Autoglas-SBL"},"content":{"rendered":"\n<p><br><\/p>\n\n\n\n<div class=\"wp-block-columns is-layout-flex wp-container-core-columns-is-layout-9d6595d7 wp-block-columns-is-layout-flex\">\n<div class=\"wp-block-column is-layout-flow wp-block-column-is-layout-flow\" style=\"flex-basis:33.33%\">\n<figure class=\"wp-block-image size-full\"><img loading=\"lazy\" decoding=\"async\" width=\"722\" height=\"480\" src=\"https:\/\/www.autoglas-sbl.de\/wp-content\/uploads\/2022\/08\/K640_DSC_0228.jpg\" alt=\"\" class=\"wp-image-55\" srcset=\"https:\/\/www.autoglas-sbl.de\/wp-content\/uploads\/2022\/08\/K640_DSC_0228.jpg 722w, https:\/\/www.autoglas-sbl.de\/wp-content\/uploads\/2022\/08\/K640_DSC_0228-300x199.jpg 300w\" sizes=\"auto, (max-width: 722px) 100vw, 722px\" \/><\/figure>\n<\/div>\n\n\n\n<div class=\"wp-block-column is-layout-flow wp-block-column-is-layout-flow\" style=\"flex-basis:66.66%\">\n<p><strong>Als Autoglas Meisterbetrieb sind wir Experten, die f\u00fcr alle Scheibentypen aller Autohersteller<\/strong><\/p>\n\n\n\n<p>Durch unsere mitgebrachte Erfahrung reparieren wir ihre Scheibe im Handumdrehen. Auch&nbsp;bei gr\u00f6\u00dferen Sch\u00e4den&nbsp;dauert ein Autoscheibenaustausch&nbsp;meist&nbsp;nur wenige Stunden.<\/p>\n\n\n\n<p><strong>Bei einem Glasschaden&nbsp;pr\u00fcfen wir&nbsp;<strong>(Kostenlos)<\/strong><\/strong> <strong>genau, ob wir Ihre Glasscheibe noch reparieren k\u00f6nnen. Wenn nicht, nehmen wir einen Scheibenwechsel f\u00fcr Sie vor.<\/strong><\/p>\n\n\n\n<p><br>Unsere Werkstatt ist mit Modernster Technik Ausgestattet.<br>Dadurch sind auch neue Fahrzeuge mit Kamerasystemen<br>kein Problem, desweitern ist der Gesch\u00e4ftsf\u00fchrer Andreas van Echten nicht nur KFZ-Meister sondern auch Autoglaser seit 2005.<br><\/p>\n<\/div>\n<\/div>\n\n\n\n<div class=\"wp-block-columns is-layout-flex wp-container-core-columns-is-layout-9d6595d7 wp-block-columns-is-layout-flex\">\n<div class=\"wp-block-column is-layout-flow wp-block-column-is-layout-flow\">\n<figure class=\"wp-block-image size-large\"><img loading=\"lazy\" decoding=\"async\" width=\"1024\" height=\"552\" src=\"https:\/\/www.autoglas-sbl.de\/wp-content\/uploads\/2021\/11\/1089800831-huge-1024x552.jpg\" alt=\"\" class=\"wp-image-6\" srcset=\"https:\/\/www.autoglas-sbl.de\/wp-content\/uploads\/2021\/11\/1089800831-huge-1024x552.jpg 1024w, https:\/\/www.autoglas-sbl.de\/wp-content\/uploads\/2021\/11\/1089800831-huge-300x162.jpg 300w, https:\/\/www.autoglas-sbl.de\/wp-content\/uploads\/2021\/11\/1089800831-huge-768x414.jpg 768w, https:\/\/www.autoglas-sbl.de\/wp-content\/uploads\/2021\/11\/1089800831-huge-1536x829.jpg 1536w, https:\/\/www.autoglas-sbl.de\/wp-content\/uploads\/2021\/11\/1089800831-huge-2048x1105.jpg 2048w, https:\/\/www.autoglas-sbl.de\/wp-content\/uploads\/2021\/11\/1089800831-huge-1568x846.jpg 1568w\" sizes=\"auto, (max-width: 1024px) 100vw, 1024px\" \/><figcaption>Scheiben Austausch<\/figcaption><\/figure>\n<\/div>\n\n\n\n<div class=\"wp-block-column is-layout-flow wp-block-column-is-layout-flow\"><div class=\"wp-block-image\">\n<figure class=\"aligncenter size-full\"><img loading=\"lazy\" decoding=\"async\" width=\"722\" height=\"480\" src=\"https:\/\/www.autoglas-sbl.de\/wp-content\/uploads\/2022\/08\/K640_DSC_0128.jpg\" alt=\"\" class=\"wp-image-57\" srcset=\"https:\/\/www.autoglas-sbl.de\/wp-content\/uploads\/2022\/08\/K640_DSC_0128.jpg 722w, https:\/\/www.autoglas-sbl.de\/wp-content\/uploads\/2022\/08\/K640_DSC_0128-300x199.jpg 300w\" sizes=\"auto, (max-width: 722px) 100vw, 722px\" \/><figcaption>Steinschlag Reparatur<\/figcaption><\/figure>\n<\/div><\/div>\n\n\n\n<div class=\"wp-block-column is-layout-flow wp-block-column-is-layout-flow\">\n<figure class=\"wp-block-image size-full\"><img loading=\"lazy\" decoding=\"async\" width=\"722\" height=\"480\" src=\"https:\/\/www.autoglas-sbl.de\/wp-content\/uploads\/2022\/08\/K640_DSC_0226.jpg\" alt=\"\" class=\"wp-image-59\" srcset=\"https:\/\/www.autoglas-sbl.de\/wp-content\/uploads\/2022\/08\/K640_DSC_0226.jpg 722w, https:\/\/www.autoglas-sbl.de\/wp-content\/uploads\/2022\/08\/K640_DSC_0226-300x199.jpg 300w\" sizes=\"auto, (max-width: 722px) 100vw, 722px\" \/><figcaption>Schadenabwicklung mir Ihrer Versicherung<\/figcaption><\/figure>\n<\/div>\n<\/div>\n","protected":false},"excerpt":{"rendered":"<p>Als Autoglas Meisterbetrieb sind wir Experten, die f\u00fcr alle Scheibentypen aller Autohersteller Durch unsere mitgebrachte [&hellip;]<\/p>\n","protected":false},"author":1,"featured_media":0,"parent":0,"menu_order":0,"comment_status":"closed","ping_status":"closed","template":"template-full-width.php","meta":{"footnotes":""},"class_list":["post-22","page","type-page","status-publish","hentry"],"_links":{"self":[{"href":"https:\/\/www.autoglas-sbl.de\/index.php?rest_route=\/wp\/v2\/pages\/22","targetHints":{"allow":["GET"]}}],"collection":[{"href":"https:\/\/www.autoglas-sbl.de\/index.php?rest_route=\/wp\/v2\/pages"}],"about":[{"href":"https:\/\/www.autoglas-sbl.de\/index.php?rest_route=\/wp\/v2\/types\/page"}],"author":[{"embeddable":true,"href":"https:\/\/www.autoglas-sbl.de\/index.php?rest_route=\/wp\/v2\/users\/1"}],"replies":[{"embeddable":true,"href":"https:\/\/www.autoglas-sbl.de\/index.php?rest_route=%2Fwp%2Fv2%2Fcomments&post=22"}],"version-history":[{"count":8,"href":"https:\/\/www.autoglas-sbl.de\/index.php?rest_route=\/wp\/v2\/pages\/22\/revisions"}],"predecessor-version":[{"id":72,"href":"https:\/\/www.autoglas-sbl.de\/index.php?rest_route=\/wp\/v2\/pages\/22\/revisions\/72"}],"wp:attachment":[{"href":"https:\/\/www.autoglas-sbl.de\/index.php?rest_route=%2Fwp%2Fv2%2Fmedia&parent=22"}],"curies":[{"name":"wp","href":"https:\/\/api.w.org\/{rel}","templated":true}]}}